{"id":12195,"date":"2025-03-26T09:17:03","date_gmt":"2025-03-26T08:17:03","guid":{"rendered":"https:\/\/www.nlr.org\/?page_id=12195"},"modified":"2025-04-09T13:57:40","modified_gmt":"2025-04-09T11:57:40","slug":"projecten-in-opdracht","status":"publish","type":"page","link":"https:\/\/www.nlr.org\/nl\/over-ons\/samenwerken\/projecten-in-opdracht\/","title":{"rendered":"Projecten in opdracht \u00a0"},"content":{"rendered":"\n<div class=\"wp-block-cover alignfull\" style=\"min-height:430px;aspect-ratio:unset;\"><span aria-hidden=\"true\" class=\"wp-block-cover__background has-background-dim-0 has-background-dim\" style=\"background-color:#737aa3\"><\/span><img loading=\"lazy\" decoding=\"async\" width=\"2048\" height=\"1152\" class=\"wp-block-cover__image-background wp-image-13663\" alt=\"\" src=\"https:\/\/www.nlr.org\/wp-content\/uploads\/2025\/04\/nlr_2025_008_23_3d-printing-at-marknesse.jpg\" style=\"object-position:47% 38%\" data-object-fit=\"cover\" data-object-position=\"47% 38%\" srcset=\"https:\/\/www.nlr.org\/wp-content\/uploads\/2025\/04\/nlr_2025_008_23_3d-printing-at-marknesse.jpg 2048w, https:\/\/www.nlr.org\/wp-content\/uploads\/2025\/04\/nlr_2025_008_23_3d-printing-at-marknesse-300x169.jpg 300w, https:\/\/www.nlr.org\/wp-content\/uploads\/2025\/04\/nlr_2025_008_23_3d-printing-at-marknesse-1024x576.jpg 1024w, https:\/\/www.nlr.org\/wp-content\/uploads\/2025\/04\/nlr_2025_008_23_3d-printing-at-marknesse-768x432.jpg 768w, https:\/\/www.nlr.org\/wp-content\/uploads\/2025\/04\/nlr_2025_008_23_3d-printing-at-marknesse-1536x864.jpg 1536w, https:\/\/www.nlr.org\/wp-content\/uploads\/2025\/04\/nlr_2025_008_23_3d-printing-at-marknesse-1320x743.jpg 1320w\" sizes=\"auto, (max-width: 2048px) 100vw, 2048px\" \/><div class=\"wp-block-cover__inner-container is-layout-constrained wp-block-cover-is-layout-constrained\">\n<p class=\"has-text-align-center has-large-font-size\"><\/p>\n<\/div><\/div>\n\n\n\n<div class=\"wp-block-group alignwide is-vertical is-layout-flex wp-container-core-group-is-layout-c2d2dfc2 wp-block-group-is-layout-flex\" style=\"padding-top:var(--wp--preset--spacing--40);padding-right:2.6rem;padding-bottom:var(--wp--preset--spacing--40);padding-left:2.6rem\"><div class=\"yoast-breadcrumbs\"><span><span><a href=\"https:\/\/www.nlr.org\/nl\/\">Home<\/a><\/span> &lt; <span><a href=\"https:\/\/www.nlr.org\/nl\/over-ons\/\">Over ons<\/a><\/span> &lt; <span><a href=\"https:\/\/www.nlr.org\/nl\/over-ons\/samenwerken\/\">Samenwerken<\/a><\/span> &lt; <span class=\"breadcrumb_last\" aria-current=\"page\"><strong>Projecten in opdracht \u00a0<\/strong><\/span><\/span><\/div>\n\n\n<div style=\"height:0px\" aria-hidden=\"true\" class=\"wp-block-spacer wp-container-content-b0b89ccb\"><\/div>\n\n\n\n<h1 class=\"wp-block-heading has-guge-font-size\">Projecten in opdracht &nbsp;<\/h1>\n\n\n\n<p>NLR voert projecten uit voor klanten waarbij we hoogwaardige resultaten leveren die specifieke eisen en verwachtingen vervullen. Deze projecten kunnen vari\u00ebren van het ontwikkelen van nieuwe lucht- en ruimtevaarttechnologie\u00ebn tot het testen en valideren van vliegtuigen en ruimtevaartuigen, het cre\u00ebren van simulatiemodellen en -tools, en het analyseren en evalueren van lucht- en ruimtevaartsystemen.&nbsp;Door nauw samen te werken met klanten, zorgt NLR ervoor dat projecten worden afgerond volgens de hoogste standaarden, waardoor innovatie in de lucht- en ruimtevaartsector wordt gestimuleerd door gedeelde kennis en expertise.<\/p>\n\n\n\n<div style=\"height:0px\" aria-hidden=\"true\" class=\"wp-block-spacer wp-container-content-6388d5dc\"><\/div>\n<\/div>\n","protected":false},"excerpt":{"rendered":"<p>Projecten in opdracht &nbsp; NLR voert projecten uit voor klanten waarbij we hoogwaardige resultaten leveren die specifieke eisen en verwachtingen vervullen. Deze projecten kunnen vari\u00ebren van het ontwikkelen van nieuwe lucht- en ruimtevaarttechnologie\u00ebn tot het testen en valideren van vliegtuigen en ruimtevaartuigen, het cre\u00ebren van simulatiemodellen en -tools, en het analyseren en evalueren van lucht- [&hellip;]<\/p>\n","protected":false},"author":6,"featured_media":13663,"parent":12137,"menu_order":0,"comment_status":"closed","ping_status":"closed","template":"","meta":{"_acf_changed":false,"site-sidebar-layout":"default","site-content-layout":"","ast-site-content-layout":"","site-content-style":"default","site-sidebar-style":"default","ast-global-header-display":"","ast-banner-title-visibility":"","ast-main-header-display":"","ast-hfb-above-header-display":"","ast-hfb-below-header-display":"","ast-hfb-mobile-header-display":"","site-post-title":"disabled","ast-breadcrumbs-content":"","ast-featured-img":"","footer-sml-layout":"","ast-disable-related-posts":"","theme-transparent-header-meta":"","adv-header-id-meta":"","stick-header-meta":"","header-above-stick-meta":"","header-main-stick-meta":"","header-below-stick-meta":"","astra-migrate-meta-layouts":"default","ast-page-background-enabled":"default","ast-page-background-meta":{"desktop":{"background-color":"var(--ast-global-color-4)","background-image":"","background-repeat":"repeat","background-position":"center center","background-size":"auto","background-attachment":"scroll","background-type":"","background-media":"","overlay-type":"","overlay-color":"","overlay-opacity":"","overlay-gradient":""},"tablet":{"background-color":"","background-image":"","background-repeat":"repeat","background-position":"center center","background-size":"auto","background-attachment":"scroll","background-type":"","background-media":"","overlay-type":"","overlay-color":"","overlay-opacity":"","overlay-gradient":""},"mobile":{"background-color":"","background-image":"","background-repeat":"repeat","background-position":"center center","background-size":"auto","background-attachment":"scroll","background-type":"","background-media":"","overlay-type":"","overlay-color":"","overlay-opacity":"","overlay-gradient":""}},"ast-content-background-meta":{"desktop":{"background-color":"var(--ast-global-color-5)","background-image":"","background-repeat":"repeat","background-position":"center center","background-size":"auto","background-attachment":"scroll","background-type":"","background-media":"","overlay-type":"","overlay-color":"","overlay-opacity":"","overlay-gradient":""},"tablet":{"background-color":"var(--ast-global-color-5)","background-image":"","background-repeat":"repeat","background-position":"center center","background-size":"auto","background-attachment":"scroll","background-type":"","background-media":"","overlay-type":"","overlay-color":"","overlay-opacity":"","overlay-gradient":""},"mobile":{"background-color":"var(--ast-global-color-5)","background-image":"","background-repeat":"repeat","background-position":"center center","background-size":"auto","background-attachment":"scroll","background-type":"","background-media":"","overlay-type":"","overlay-color":"","overlay-opacity":"","overlay-gradient":""}},"footnotes":""},"class_list":["post-12195","page","type-page","status-publish","has-post-thumbnail","hentry"],"acf":[],"yoast_head":"<!-- This site is optimized with the Yoast SEO plugin v27.4 - https:\/\/yoast.com\/product\/yoast-seo-wordpress\/ -->\n<title>Projecten in opdracht \u00a0 - Nederlands Lucht- en Ruimtevaartcentrum<\/title>\n<meta name=\"robots\" content=\"index, follow, max-snippet:-1, max-image-preview:large, max-video-preview:-1\" \/>\n<link rel=\"canonical\" href=\"https:\/\/www.nlr.org\/nl\/over-ons\/samenwerken\/projecten-in-opdracht\/\" \/>\n<meta property=\"og:locale\" content=\"nl_NL\" \/>\n<meta property=\"og:type\" content=\"article\" \/>\n<meta property=\"og:title\" content=\"Projecten in opdracht \u00a0 - Nederlands Lucht- en Ruimtevaartcentrum\" \/>\n<meta property=\"og:description\" content=\"Projecten in opdracht &nbsp; NLR voert projecten uit voor klanten waarbij we hoogwaardige resultaten leveren die specifieke eisen en verwachtingen vervullen. Deze projecten kunnen vari\u00ebren van het ontwikkelen van nieuwe lucht- en ruimtevaarttechnologie\u00ebn tot het testen en valideren van vliegtuigen en ruimtevaartuigen, het cre\u00ebren van simulatiemodellen en -tools, en het analyseren en evalueren van lucht- [&hellip;]\" \/>\n<meta property=\"og:url\" content=\"https:\/\/www.nlr.org\/nl\/over-ons\/samenwerken\/projecten-in-opdracht\/\" \/>\n<meta property=\"og:site_name\" content=\"Nederlands Lucht- en Ruimtevaartcentrum\" \/>\n<meta property=\"article:modified_time\" content=\"2025-04-09T11:57:40+00:00\" \/>\n<meta property=\"og:image\" content=\"https:\/\/www.nlr.org\/wp-content\/uploads\/2025\/04\/nlr_2025_008_23_3d-printing-at-marknesse.jpg\" \/>\n\t<meta property=\"og:image:width\" content=\"2048\" \/>\n\t<meta property=\"og:image:height\" content=\"1152\" \/>\n\t<meta property=\"og:image:type\" content=\"image\/jpeg\" \/>\n<meta name=\"twitter:card\" content=\"summary_large_image\" \/>\n<meta name=\"twitter:label1\" content=\"Geschatte leestijd\" \/>\n\t<meta name=\"twitter:data1\" content=\"1 minuut\" \/>\n<script type=\"application\/ld+json\" class=\"yoast-schema-graph\">{\"@context\":\"https:\\\/\\\/schema.org\",\"@graph\":[{\"@type\":\"WebPage\",\"@id\":\"https:\\\/\\\/www.nlr.org\\\/nl\\\/over-ons\\\/samenwerken\\\/projecten-in-opdracht\\\/\",\"url\":\"https:\\\/\\\/www.nlr.org\\\/nl\\\/over-ons\\\/samenwerken\\\/projecten-in-opdracht\\\/\",\"name\":\"Projecten in opdracht \u00a0 - Nederlands Lucht- en Ruimtevaartcentrum\",\"isPartOf\":{\"@id\":\"https:\\\/\\\/www.nlr.org\\\/#website\"},\"primaryImageOfPage\":{\"@id\":\"https:\\\/\\\/www.nlr.org\\\/nl\\\/over-ons\\\/samenwerken\\\/projecten-in-opdracht\\\/#primaryimage\"},\"image\":{\"@id\":\"https:\\\/\\\/www.nlr.org\\\/nl\\\/over-ons\\\/samenwerken\\\/projecten-in-opdracht\\\/#primaryimage\"},\"thumbnailUrl\":\"https:\\\/\\\/www.nlr.org\\\/wp-content\\\/uploads\\\/2025\\\/04\\\/nlr_2025_008_23_3d-printing-at-marknesse.jpg\",\"datePublished\":\"2025-03-26T08:17:03+00:00\",\"dateModified\":\"2025-04-09T11:57:40+00:00\",\"breadcrumb\":{\"@id\":\"https:\\\/\\\/www.nlr.org\\\/nl\\\/over-ons\\\/samenwerken\\\/projecten-in-opdracht\\\/#breadcrumb\"},\"inLanguage\":\"nl-NL\",\"potentialAction\":[{\"@type\":\"ReadAction\",\"target\":[\"https:\\\/\\\/www.nlr.org\\\/nl\\\/over-ons\\\/samenwerken\\\/projecten-in-opdracht\\\/\"]}]},{\"@type\":\"ImageObject\",\"inLanguage\":\"nl-NL\",\"@id\":\"https:\\\/\\\/www.nlr.org\\\/nl\\\/over-ons\\\/samenwerken\\\/projecten-in-opdracht\\\/#primaryimage\",\"url\":\"https:\\\/\\\/www.nlr.org\\\/wp-content\\\/uploads\\\/2025\\\/04\\\/nlr_2025_008_23_3d-printing-at-marknesse.jpg\",\"contentUrl\":\"https:\\\/\\\/www.nlr.org\\\/wp-content\\\/uploads\\\/2025\\\/04\\\/nlr_2025_008_23_3d-printing-at-marknesse.jpg\",\"width\":2048,\"height\":1152,\"caption\":\"Stock Foto materiaal. Blauw licht, 3D printing, vrouw, techniek, NLR faciliteit\"},{\"@type\":\"BreadcrumbList\",\"@id\":\"https:\\\/\\\/www.nlr.org\\\/nl\\\/over-ons\\\/samenwerken\\\/projecten-in-opdracht\\\/#breadcrumb\",\"itemListElement\":[{\"@type\":\"ListItem\",\"position\":1,\"name\":\"Home\",\"item\":\"https:\\\/\\\/www.nlr.org\\\/nl\\\/\"},{\"@type\":\"ListItem\",\"position\":2,\"name\":\"Over ons\",\"item\":\"https:\\\/\\\/www.nlr.org\\\/nl\\\/over-ons\\\/\"},{\"@type\":\"ListItem\",\"position\":3,\"name\":\"Samenwerken\",\"item\":\"https:\\\/\\\/www.nlr.org\\\/nl\\\/over-ons\\\/samenwerken\\\/\"},{\"@type\":\"ListItem\",\"position\":4,\"name\":\"Projecten in opdracht \u00a0\"}]},{\"@type\":\"WebSite\",\"@id\":\"https:\\\/\\\/www.nlr.org\\\/#website\",\"url\":\"https:\\\/\\\/www.nlr.org\\\/\",\"name\":\"Nederlands Lucht- en Ruimtevaartcentrum\",\"description\":\"\",\"publisher\":{\"@id\":\"https:\\\/\\\/www.nlr.org\\\/#organization\"},\"potentialAction\":[{\"@type\":\"SearchAction\",\"target\":{\"@type\":\"EntryPoint\",\"urlTemplate\":\"https:\\\/\\\/www.nlr.org\\\/?s={search_term_string}\"},\"query-input\":{\"@type\":\"PropertyValueSpecification\",\"valueRequired\":true,\"valueName\":\"search_term_string\"}}],\"inLanguage\":\"nl-NL\"},{\"@type\":\"Organization\",\"@id\":\"https:\\\/\\\/www.nlr.org\\\/#organization\",\"name\":\"Nederlands Lucht- en Ruimtevaartcentrum\",\"url\":\"https:\\\/\\\/www.nlr.org\\\/\",\"logo\":{\"@type\":\"ImageObject\",\"inLanguage\":\"nl-NL\",\"@id\":\"https:\\\/\\\/www.nlr.org\\\/#\\\/schema\\\/logo\\\/image\\\/\",\"url\":\"https:\\\/\\\/www.nlr.org\\\/wp-content\\\/uploads\\\/2023\\\/10\\\/logo-nlr.svg\",\"contentUrl\":\"https:\\\/\\\/www.nlr.org\\\/wp-content\\\/uploads\\\/2023\\\/10\\\/logo-nlr.svg\",\"caption\":\"Nederlands Lucht- en Ruimtevaartcentrum\"},\"image\":{\"@id\":\"https:\\\/\\\/www.nlr.org\\\/#\\\/schema\\\/logo\\\/image\\\/\"}}]}<\/script>\n<!-- \/ Yoast SEO plugin. -->","yoast_head_json":{"title":"Projecten in opdracht \u00a0 - Nederlands Lucht- en Ruimtevaartcentrum","robots":{"index":"index","follow":"follow","max-snippet":"max-snippet:-1","max-image-preview":"max-image-preview:large","max-video-preview":"max-video-preview:-1"},"canonical":"https:\/\/www.nlr.org\/nl\/over-ons\/samenwerken\/projecten-in-opdracht\/","og_locale":"nl_NL","og_type":"article","og_title":"Projecten in opdracht \u00a0 - Nederlands Lucht- en Ruimtevaartcentrum","og_description":"Projecten in opdracht &nbsp; NLR voert projecten uit voor klanten waarbij we hoogwaardige resultaten leveren die specifieke eisen en verwachtingen vervullen. Deze projecten kunnen vari\u00ebren van het ontwikkelen van nieuwe lucht- en ruimtevaarttechnologie\u00ebn tot het testen en valideren van vliegtuigen en ruimtevaartuigen, het cre\u00ebren van simulatiemodellen en -tools, en het analyseren en evalueren van lucht- [&hellip;]","og_url":"https:\/\/www.nlr.org\/nl\/over-ons\/samenwerken\/projecten-in-opdracht\/","og_site_name":"Nederlands Lucht- en Ruimtevaartcentrum","article_modified_time":"2025-04-09T11:57:40+00:00","og_image":[{"width":2048,"height":1152,"url":"https:\/\/www.nlr.org\/wp-content\/uploads\/2025\/04\/nlr_2025_008_23_3d-printing-at-marknesse.jpg","type":"image\/jpeg"}],"twitter_card":"summary_large_image","twitter_misc":{"Geschatte leestijd":"1 minuut"},"schema":{"@context":"https:\/\/schema.org","@graph":[{"@type":"WebPage","@id":"https:\/\/www.nlr.org\/nl\/over-ons\/samenwerken\/projecten-in-opdracht\/","url":"https:\/\/www.nlr.org\/nl\/over-ons\/samenwerken\/projecten-in-opdracht\/","name":"Projecten in opdracht \u00a0 - Nederlands Lucht- en Ruimtevaartcentrum","isPartOf":{"@id":"https:\/\/www.nlr.org\/#website"},"primaryImageOfPage":{"@id":"https:\/\/www.nlr.org\/nl\/over-ons\/samenwerken\/projecten-in-opdracht\/#primaryimage"},"image":{"@id":"https:\/\/www.nlr.org\/nl\/over-ons\/samenwerken\/projecten-in-opdracht\/#primaryimage"},"thumbnailUrl":"https:\/\/www.nlr.org\/wp-content\/uploads\/2025\/04\/nlr_2025_008_23_3d-printing-at-marknesse.jpg","datePublished":"2025-03-26T08:17:03+00:00","dateModified":"2025-04-09T11:57:40+00:00","breadcrumb":{"@id":"https:\/\/www.nlr.org\/nl\/over-ons\/samenwerken\/projecten-in-opdracht\/#breadcrumb"},"inLanguage":"nl-NL","potentialAction":[{"@type":"ReadAction","target":["https:\/\/www.nlr.org\/nl\/over-ons\/samenwerken\/projecten-in-opdracht\/"]}]},{"@type":"ImageObject","inLanguage":"nl-NL","@id":"https:\/\/www.nlr.org\/nl\/over-ons\/samenwerken\/projecten-in-opdracht\/#primaryimage","url":"https:\/\/www.nlr.org\/wp-content\/uploads\/2025\/04\/nlr_2025_008_23_3d-printing-at-marknesse.jpg","contentUrl":"https:\/\/www.nlr.org\/wp-content\/uploads\/2025\/04\/nlr_2025_008_23_3d-printing-at-marknesse.jpg","width":2048,"height":1152,"caption":"Stock Foto materiaal. Blauw licht, 3D printing, vrouw, techniek, NLR faciliteit"},{"@type":"BreadcrumbList","@id":"https:\/\/www.nlr.org\/nl\/over-ons\/samenwerken\/projecten-in-opdracht\/#breadcrumb","itemListElement":[{"@type":"ListItem","position":1,"name":"Home","item":"https:\/\/www.nlr.org\/nl\/"},{"@type":"ListItem","position":2,"name":"Over ons","item":"https:\/\/www.nlr.org\/nl\/over-ons\/"},{"@type":"ListItem","position":3,"name":"Samenwerken","item":"https:\/\/www.nlr.org\/nl\/over-ons\/samenwerken\/"},{"@type":"ListItem","position":4,"name":"Projecten in opdracht \u00a0"}]},{"@type":"WebSite","@id":"https:\/\/www.nlr.org\/#website","url":"https:\/\/www.nlr.org\/","name":"Nederlands Lucht- en Ruimtevaartcentrum","description":"","publisher":{"@id":"https:\/\/www.nlr.org\/#organization"},"potentialAction":[{"@type":"SearchAction","target":{"@type":"EntryPoint","urlTemplate":"https:\/\/www.nlr.org\/?s={search_term_string}"},"query-input":{"@type":"PropertyValueSpecification","valueRequired":true,"valueName":"search_term_string"}}],"inLanguage":"nl-NL"},{"@type":"Organization","@id":"https:\/\/www.nlr.org\/#organization","name":"Nederlands Lucht- en Ruimtevaartcentrum","url":"https:\/\/www.nlr.org\/","logo":{"@type":"ImageObject","inLanguage":"nl-NL","@id":"https:\/\/www.nlr.org\/#\/schema\/logo\/image\/","url":"https:\/\/www.nlr.org\/wp-content\/uploads\/2023\/10\/logo-nlr.svg","contentUrl":"https:\/\/www.nlr.org\/wp-content\/uploads\/2023\/10\/logo-nlr.svg","caption":"Nederlands Lucht- en Ruimtevaartcentrum"},"image":{"@id":"https:\/\/www.nlr.org\/#\/schema\/logo\/image\/"}}]}},"_links":{"self":[{"href":"https:\/\/www.nlr.org\/nl\/wp-json\/wp\/v2\/pages\/12195","targetHints":{"allow":["GET"]}}],"collection":[{"href":"https:\/\/www.nlr.org\/nl\/wp-json\/wp\/v2\/pages"}],"about":[{"href":"https:\/\/www.nlr.org\/nl\/wp-json\/wp\/v2\/types\/page"}],"author":[{"embeddable":true,"href":"https:\/\/www.nlr.org\/nl\/wp-json\/wp\/v2\/users\/6"}],"replies":[{"embeddable":true,"href":"https:\/\/www.nlr.org\/nl\/wp-json\/wp\/v2\/comments?post=12195"}],"version-history":[{"count":3,"href":"https:\/\/www.nlr.org\/nl\/wp-json\/wp\/v2\/pages\/12195\/revisions"}],"predecessor-version":[{"id":14426,"href":"https:\/\/www.nlr.org\/nl\/wp-json\/wp\/v2\/pages\/12195\/revisions\/14426"}],"up":[{"embeddable":true,"href":"https:\/\/www.nlr.org\/nl\/wp-json\/wp\/v2\/pages\/12137"}],"wp:featuredmedia":[{"embeddable":true,"href":"https:\/\/www.nlr.org\/nl\/wp-json\/wp\/v2\/media\/13663"}],"wp:attachment":[{"href":"https:\/\/www.nlr.org\/nl\/wp-json\/wp\/v2\/media?parent=12195"}],"curies":[{"name":"wp","href":"https:\/\/api.w.org\/{rel}","templated":true}]}}