{"id":7607,"date":"2025-02-07T11:34:49","date_gmt":"2025-02-07T10:34:49","guid":{"rendered":"https:\/\/www.nlr.org\/?page_id=7607"},"modified":"2025-04-09T13:56:36","modified_gmt":"2025-04-09T11:56:36","slug":"onderhoudstraining","status":"publish","type":"page","link":"https:\/\/www.nlr.org\/nl\/maintenance-repair-overhaul\/onderhoudstraining\/","title":{"rendered":"Onderhoudstraining"},"content":{"rendered":"\n<div class=\"wp-block-cover alignfull is-light\"><span aria-hidden=\"true\" class=\"wp-block-cover__background has-background-dim-0 has-background-dim\" style=\"background-color:#b9b7b9\"><\/span><img loading=\"lazy\" decoding=\"async\" width=\"2048\" height=\"1152\" class=\"wp-block-cover__image-background wp-image-12128\" alt=\"\" src=\"https:\/\/www.nlr.org\/wp-content\/uploads\/2025\/03\/nlr_2018_augmented-reality-for-maintenance-training.jpg\" data-object-fit=\"cover\" srcset=\"https:\/\/www.nlr.org\/wp-content\/uploads\/2025\/03\/nlr_2018_augmented-reality-for-maintenance-training.jpg 2048w, https:\/\/www.nlr.org\/wp-content\/uploads\/2025\/03\/nlr_2018_augmented-reality-for-maintenance-training-300x169.jpg 300w, https:\/\/www.nlr.org\/wp-content\/uploads\/2025\/03\/nlr_2018_augmented-reality-for-maintenance-training-1024x576.jpg 1024w, https:\/\/www.nlr.org\/wp-content\/uploads\/2025\/03\/nlr_2018_augmented-reality-for-maintenance-training-768x432.jpg 768w, https:\/\/www.nlr.org\/wp-content\/uploads\/2025\/03\/nlr_2018_augmented-reality-for-maintenance-training-1536x864.jpg 1536w, https:\/\/www.nlr.org\/wp-content\/uploads\/2025\/03\/nlr_2018_augmented-reality-for-maintenance-training-1320x743.jpg 1320w\" sizes=\"auto, (max-width: 2048px) 100vw, 2048px\" \/><div class=\"wp-block-cover__inner-container is-layout-constrained wp-block-cover-is-layout-constrained\">\n<p class=\"has-text-align-center has-large-font-size\"><\/p>\n<\/div><\/div>\n\n\n<nav class=\"is-responsive items-justified-center alignfull wp-block-navigation is-content-justification-center is-layout-flex wp-container-core-navigation-is-layout-a89b3969 wp-block-navigation-is-layout-flex\" aria-label=\"MRO NL\" \n\t\t data-wp-interactive=\"core\/navigation\" data-wp-context='{\"overlayOpenedBy\":{\"click\":false,\"hover\":false,\"focus\":false},\"type\":\"overlay\",\"roleAttribute\":\"\",\"ariaLabel\":\"Menu\"}'><button aria-haspopup=\"dialog\" aria-label=\"Menu openen\" class=\"wp-block-navigation__responsive-container-open\" \n\t\t\t\tdata-wp-on--click=\"actions.openMenuOnClick\"\n\t\t\t\tdata-wp-on--keydown=\"actions.handleMenuKeydown\"\n\t\t\t><svg width=\"24\" height=\"24\" xmlns=\"http:\/\/www.w3.org\/2000\/svg\" viewBox=\"0 0 24 24\" aria-hidden=\"true\" focusable=\"false\"><path d=\"M4 7.5h16v1.5H4z\"><\/path><path d=\"M4 15h16v1.5H4z\"><\/path><\/svg><\/button>\n\t\t\t\t<div class=\"wp-block-navigation__responsive-container\"  id=\"modal-1\" \n\t\t\t\tdata-wp-class--has-modal-open=\"state.isMenuOpen\"\n\t\t\t\tdata-wp-class--is-menu-open=\"state.isMenuOpen\"\n\t\t\t\tdata-wp-watch=\"callbacks.initMenu\"\n\t\t\t\tdata-wp-on--keydown=\"actions.handleMenuKeydown\"\n\t\t\t\tdata-wp-on--focusout=\"actions.handleMenuFocusout\"\n\t\t\t\ttabindex=\"-1\"\n\t\t\t>\n\t\t\t\t\t<div class=\"wp-block-navigation__responsive-close\" tabindex=\"-1\">\n\t\t\t\t\t\t<div class=\"wp-block-navigation__responsive-dialog\" \n\t\t\t\tdata-wp-bind--aria-modal=\"state.ariaModal\"\n\t\t\t\tdata-wp-bind--aria-label=\"state.ariaLabel\"\n\t\t\t\tdata-wp-bind--role=\"state.roleAttribute\"\n\t\t\t>\n\t\t\t\t\t\t\t<button aria-label=\"Menu sluiten\" class=\"wp-block-navigation__responsive-container-close\" \n\t\t\t\tdata-wp-on--click=\"actions.closeMenuOnClick\"\n\t\t\t><svg xmlns=\"http:\/\/www.w3.org\/2000\/svg\" viewBox=\"0 0 24 24\" width=\"24\" height=\"24\" aria-hidden=\"true\" focusable=\"false\"><path d=\"m13.06 12 6.47-6.47-1.06-1.06L12 10.94 5.53 4.47 4.47 5.53 10.94 12l-6.47 6.47 1.06 1.06L12 13.06l6.47 6.47 1.06-1.06L13.06 12Z\"><\/path><\/svg><\/button>\n\t\t\t\t\t\t\t<div class=\"wp-block-navigation__responsive-container-content\" \n\t\t\t\tdata-wp-watch=\"callbacks.focusFirstElement\"\n\t\t\t id=\"modal-1-content\">\n\t\t\t\t\t\t\t\t<ul class=\"wp-block-navigation__container is-responsive items-justified-center alignfull wp-block-navigation\"><li class=\" wp-block-navigation-item wp-block-navigation-link\"><a class=\"wp-block-navigation-item__content\"  href=\"https:\/\/www.nlr.org\/nl\/maintenance-repair-overhaul\/\"><span class=\"wp-block-navigation-item__label\">MRO home<\/span><\/a><\/li><li class=\" wp-block-navigation-item wp-block-navigation-link\"><a class=\"wp-block-navigation-item__content\"  href=\"https:\/\/www.nlr.org\/nl\/maintenance-repair-overhaul\/onderhoudsmanagement\/\"><span class=\"wp-block-navigation-item__label\">Onderhoudsmanagement<\/span><\/a><\/li><li class=\" wp-block-navigation-item wp-block-navigation-link\"><a class=\"wp-block-navigation-item__content\"  href=\"https:\/\/www.nlr.org\/nl\/maintenance-repair-overhaul\/onderhoudstechnologie\/\"><span class=\"wp-block-navigation-item__label\">Onderhoudstechnologie<\/span><\/a><\/li><li class=\" wp-block-navigation-item wp-block-navigation-link\"><a class=\"wp-block-navigation-item__content\"  href=\"https:\/\/www.nlr.org\/nl\/maintenance-repair-overhaul\/onderhoudstechniek\/\"><span class=\"wp-block-navigation-item__label\">Onderhoudstechniek<\/span><\/a><\/li><li class=\" wp-block-navigation-item wp-block-navigation-link\"><a class=\"wp-block-navigation-item__content\"  href=\"https:\/\/www.nlr.org\/nl\/maintenance-repair-overhaul\/onderhoudstraining\/\"><span class=\"wp-block-navigation-item__label\">Onderhoudstraining<\/span><\/a><\/li><\/ul>\n\t\t\t\t\t\t\t<\/div>\n\t\t\t\t\t\t<\/div>\n\t\t\t\t\t<\/div>\n\t\t\t\t<\/div><\/nav>\n\n\n<div class=\"wp-block-group alignwide is-vertical is-layout-flex wp-container-core-group-is-layout-5ee61f30 wp-block-group-is-layout-flex\" style=\"padding-right:var(--wp--preset--spacing--20);padding-left:var(--wp--preset--spacing--20)\">\n<h1 class=\"wp-block-heading alignwide\">Onderhoudstraining<\/h1>\n\n\n\n<p>Als u op zoek bent naar effectieve onderhoudstrainingen of als u de waarde van uw trainingen wilt verhogen, dan kan NLR u helpen. NLR ontwikkelt slimme trainingscurricula en opleidingsapparatuur met de modernste opleidingsconcepten en -technologie\u00ebn. Wij cre\u00ebren trainingswaarde met behulp van de modernste ontwerpprincipes en moderne technologie\u00ebn zoals <em>virtual <\/em>en<em> augmented reality<\/em>.<\/p>\n\n\n\n<p>Wij kunnen uw trainingsbehoeften analyseren, helpen bij de ontwikkeling van trainingsprogramma&#8217;s, het ontwerp van trainingscurricula, werk-priv\u00e9balans, vermindering van trainingstijd, op scenario&#8217;s gebaseerde trainingen, implementatie van praktische trainingsprogramma&#8217;s en beoordelingsmethoden, en <em>Hololens<\/em>-toepassingen.<\/p>\n\n\n\n<div style=\"height:0px\" aria-hidden=\"true\" class=\"wp-block-spacer wp-container-content-16d1eb73\"><\/div>\n\n\n\n<h2 class=\"wp-block-heading\"><strong>Mogelijkheden<\/strong><\/h2>\n\n\n\n<p><\/p>\n\n\n\n<div class=\"wp-block-group is-style-default is-content-justification-left is-layout-constrained wp-container-core-group-is-layout-12dd3699 wp-block-group-is-layout-constrained\">\n<div class=\"wp-block-columns is-layout-flex wp-container-core-columns-is-layout-28f84493 wp-block-columns-is-layout-flex\">\n<div class=\"wp-block-column is-layout-flow wp-block-column-is-layout-flow\">\n<ul class=\"wp-block-list is-style-with-arrow\">\n<li><em>Augmented <\/em>en<em> Virtual Reality<\/em><\/li>\n\n\n\n<li>Onderhoudstraining met <em>Augmented Reality<\/em><\/li>\n\n\n\n<li><em>Blended learning<\/em> voor de luchtvaartsector<\/li>\n<\/ul>\n<\/div>\n\n\n\n<div class=\"wp-block-column is-layout-flow wp-block-column-is-layout-flow\">\n<ul class=\"wp-block-list is-style-with-arrow\">\n<li>Onderwijs en Training<\/li>\n\n\n\n<li>Live Virtueel Constructief<\/li>\n<\/ul>\n<\/div>\n<\/div>\n<\/div>\n<\/div>\n\n\n\n<div style=\"height:50px\" aria-hidden=\"true\" class=\"wp-block-spacer\"><\/div>\n\n\n\n<div class=\"wp-block-sowmedia-contact layout-author-info alignfull wp-block-sowmedia-contact\">\n\n    <div class=\"contact__inner\">\n\n                <div class=\"contact__media\">\n\n            \n                            <img decoding=\"async\" src=\"https:\/\/www.nlr.org\/wp-content\/uploads\/2023\/11\/copyright_menno-ridderhof_nlr_marknesse_hoofdgebouw.jpg\" alt=\"NLR Marknesse\" class=\"contact__avatar\">\n                        \n        <\/div>\n        \n        <div class=\"contact__content\">\n\n            <div class=\"contact__content__inner\">\n\n                <h3>Informatie<\/h3>\n\n                \n            <\/div>\n\n            <div class=\"contact__footer\">\n\n                <div class=\"contact__footer__content\">\n                    <p>Voor meer informatie:<\/p>\n                    <div class=\"contact__footer__links\">\n                                                    <a href=\"mailto:info@nlr.nl\" class=\"contact__link contact__link--mail\"><span class=\"icon-entypo-mail\"><\/span> info@nlr.nl<\/a>\n                                                                            <a href=\"tel:088 511 3113\" class=\"contact__link contact__link--phone\"><span class=\"icon-entypo-phone\"><\/span> 088 511 3113<\/a>\n                                            <\/div>\n                <\/div>\n                            <\/div>\n\n        <\/div>\n\n    <\/div>\n\n<\/div>","protected":false},"excerpt":{"rendered":"<p>Onderhoudstraining Als u op zoek bent naar effectieve onderhoudstrainingen of als u de waarde van uw trainingen wilt verhogen, dan kan NLR u helpen. NLR ontwikkelt slimme trainingscurricula en opleidingsapparatuur met de modernste opleidingsconcepten en -technologie\u00ebn. Wij cre\u00ebren trainingswaarde met behulp van de modernste ontwerpprincipes en moderne technologie\u00ebn zoals virtual en augmented reality. Wij kunnen [&hellip;]<\/p>\n","protected":false},"author":6,"featured_media":12128,"parent":7563,"menu_order":0,"comment_status":"closed","ping_status":"closed","template":"","meta":{"_acf_changed":false,"site-sidebar-layout":"default","site-content-layout":"","ast-site-content-layout":"","site-content-style":"default","site-sidebar-style":"default","ast-global-header-display":"","ast-banner-title-visibility":"","ast-main-header-display":"","ast-hfb-above-header-display":"","ast-hfb-below-header-display":"","ast-hfb-mobile-header-display":"","site-post-title":"disabled","ast-breadcrumbs-content":"","ast-featured-img":"","footer-sml-layout":"","ast-disable-related-posts":"","theme-transparent-header-meta":"","adv-header-id-meta":"","stick-header-meta":"","header-above-stick-meta":"","header-main-stick-meta":"","header-below-stick-meta":"","astra-migrate-meta-layouts":"default","ast-page-background-enabled":"default","ast-page-background-meta":{"desktop":{"background-color":"var(--ast-global-color-4)","background-image":"","background-repeat":"repeat","background-position":"center center","background-size":"auto","background-attachment":"scroll","background-type":"","background-media":"","overlay-type":"","overlay-color":"","overlay-opacity":"","overlay-gradient":""},"tablet":{"background-color":"","background-image":"","background-repeat":"repeat","background-position":"center center","background-size":"auto","background-attachment":"scroll","background-type":"","background-media":"","overlay-type":"","overlay-color":"","overlay-opacity":"","overlay-gradient":""},"mobile":{"background-color":"","background-image":"","background-repeat":"repeat","background-position":"center center","background-size":"auto","background-attachment":"scroll","background-type":"","background-media":"","overlay-type":"","overlay-color":"","overlay-opacity":"","overlay-gradient":""}},"ast-content-background-meta":{"desktop":{"background-color":"var(--ast-global-color-5)","background-image":"","background-repeat":"repeat","background-position":"center center","background-size":"auto","background-attachment":"scroll","background-type":"","background-media":"","overlay-type":"","overlay-color":"","overlay-opacity":"","overlay-gradient":""},"tablet":{"background-color":"var(--ast-global-color-5)","background-image":"","background-repeat":"repeat","background-position":"center center","background-size":"auto","background-attachment":"scroll","background-type":"","background-media":"","overlay-type":"","overlay-color":"","overlay-opacity":"","overlay-gradient":""},"mobile":{"background-color":"var(--ast-global-color-5)","background-image":"","background-repeat":"repeat","background-position":"center center","background-size":"auto","background-attachment":"scroll","background-type":"","background-media":"","overlay-type":"","overlay-color":"","overlay-opacity":"","overlay-gradient":""}},"footnotes":""},"class_list":["post-7607","page","type-page","status-publish","has-post-thumbnail","hentry"],"acf":[],"yoast_head":"<!-- This site is optimized with the Yoast SEO plugin v27.3 - https:\/\/yoast.com\/product\/yoast-seo-wordpress\/ -->\n<title>Onderhoudstraining - Nederlands Lucht- en Ruimtevaartcentrum<\/title>\n<meta name=\"robots\" content=\"index, follow, max-snippet:-1, max-image-preview:large, max-video-preview:-1\" \/>\n<link rel=\"canonical\" href=\"https:\/\/www.nlr.org\/nl\/maintenance-repair-overhaul\/onderhoudstraining\/\" \/>\n<meta property=\"og:locale\" content=\"nl_NL\" \/>\n<meta property=\"og:type\" content=\"article\" \/>\n<meta property=\"og:title\" content=\"Onderhoudstraining - Nederlands Lucht- en Ruimtevaartcentrum\" \/>\n<meta property=\"og:description\" content=\"Onderhoudstraining Als u op zoek bent naar effectieve onderhoudstrainingen of als u de waarde van uw trainingen wilt verhogen, dan kan NLR u helpen. NLR ontwikkelt slimme trainingscurricula en opleidingsapparatuur met de modernste opleidingsconcepten en -technologie\u00ebn. Wij cre\u00ebren trainingswaarde met behulp van de modernste ontwerpprincipes en moderne technologie\u00ebn zoals virtual en augmented reality. Wij kunnen [&hellip;]\" \/>\n<meta property=\"og:url\" content=\"https:\/\/www.nlr.org\/nl\/maintenance-repair-overhaul\/onderhoudstraining\/\" \/>\n<meta property=\"og:site_name\" content=\"Nederlands Lucht- en Ruimtevaartcentrum\" \/>\n<meta property=\"article:modified_time\" content=\"2025-04-09T11:56:36+00:00\" \/>\n<meta property=\"og:image\" content=\"https:\/\/www.nlr.org\/wp-content\/uploads\/2025\/03\/nlr_2018_augmented-reality-for-maintenance-training.jpg\" \/>\n\t<meta property=\"og:image:width\" content=\"2048\" \/>\n\t<meta property=\"og:image:height\" content=\"1152\" \/>\n\t<meta property=\"og:image:type\" content=\"image\/jpeg\" \/>\n<meta name=\"twitter:card\" content=\"summary_large_image\" \/>\n<meta name=\"twitter:label1\" content=\"Geschatte leestijd\" \/>\n\t<meta name=\"twitter:data1\" content=\"1 minuut\" \/>\n<script type=\"application\/ld+json\" class=\"yoast-schema-graph\">{\"@context\":\"https:\\\/\\\/schema.org\",\"@graph\":[{\"@type\":\"WebPage\",\"@id\":\"https:\\\/\\\/www.nlr.org\\\/nl\\\/maintenance-repair-overhaul\\\/onderhoudstraining\\\/\",\"url\":\"https:\\\/\\\/www.nlr.org\\\/nl\\\/maintenance-repair-overhaul\\\/onderhoudstraining\\\/\",\"name\":\"Onderhoudstraining - Nederlands Lucht- en Ruimtevaartcentrum\",\"isPartOf\":{\"@id\":\"https:\\\/\\\/www.nlr.org\\\/#website\"},\"primaryImageOfPage\":{\"@id\":\"https:\\\/\\\/www.nlr.org\\\/nl\\\/maintenance-repair-overhaul\\\/onderhoudstraining\\\/#primaryimage\"},\"image\":{\"@id\":\"https:\\\/\\\/www.nlr.org\\\/nl\\\/maintenance-repair-overhaul\\\/onderhoudstraining\\\/#primaryimage\"},\"thumbnailUrl\":\"https:\\\/\\\/www.nlr.org\\\/wp-content\\\/uploads\\\/2025\\\/03\\\/nlr_2018_augmented-reality-for-maintenance-training.jpg\",\"datePublished\":\"2025-02-07T10:34:49+00:00\",\"dateModified\":\"2025-04-09T11:56:36+00:00\",\"breadcrumb\":{\"@id\":\"https:\\\/\\\/www.nlr.org\\\/nl\\\/maintenance-repair-overhaul\\\/onderhoudstraining\\\/#breadcrumb\"},\"inLanguage\":\"nl-NL\",\"potentialAction\":[{\"@type\":\"ReadAction\",\"target\":[\"https:\\\/\\\/www.nlr.org\\\/nl\\\/maintenance-repair-overhaul\\\/onderhoudstraining\\\/\"]}]},{\"@type\":\"ImageObject\",\"inLanguage\":\"nl-NL\",\"@id\":\"https:\\\/\\\/www.nlr.org\\\/nl\\\/maintenance-repair-overhaul\\\/onderhoudstraining\\\/#primaryimage\",\"url\":\"https:\\\/\\\/www.nlr.org\\\/wp-content\\\/uploads\\\/2025\\\/03\\\/nlr_2018_augmented-reality-for-maintenance-training.jpg\",\"contentUrl\":\"https:\\\/\\\/www.nlr.org\\\/wp-content\\\/uploads\\\/2025\\\/03\\\/nlr_2018_augmented-reality-for-maintenance-training.jpg\",\"width\":2048,\"height\":1152,\"caption\":\"Enhanced maintenance training with augmented reality\"},{\"@type\":\"BreadcrumbList\",\"@id\":\"https:\\\/\\\/www.nlr.org\\\/nl\\\/maintenance-repair-overhaul\\\/onderhoudstraining\\\/#breadcrumb\",\"itemListElement\":[{\"@type\":\"ListItem\",\"position\":1,\"name\":\"Home\",\"item\":\"https:\\\/\\\/www.nlr.org\\\/nl\\\/\"},{\"@type\":\"ListItem\",\"position\":2,\"name\":\"Maintenance, Repair &amp; Overhaul\",\"item\":\"https:\\\/\\\/www.nlr.org\\\/nl\\\/maintenance-repair-overhaul\\\/\"},{\"@type\":\"ListItem\",\"position\":3,\"name\":\"Onderhoudstraining\"}]},{\"@type\":\"WebSite\",\"@id\":\"https:\\\/\\\/www.nlr.org\\\/#website\",\"url\":\"https:\\\/\\\/www.nlr.org\\\/\",\"name\":\"Nederlands Lucht- en Ruimtevaartcentrum\",\"description\":\"\",\"publisher\":{\"@id\":\"https:\\\/\\\/www.nlr.org\\\/#organization\"},\"potentialAction\":[{\"@type\":\"SearchAction\",\"target\":{\"@type\":\"EntryPoint\",\"urlTemplate\":\"https:\\\/\\\/www.nlr.org\\\/?s={search_term_string}\"},\"query-input\":{\"@type\":\"PropertyValueSpecification\",\"valueRequired\":true,\"valueName\":\"search_term_string\"}}],\"inLanguage\":\"nl-NL\"},{\"@type\":\"Organization\",\"@id\":\"https:\\\/\\\/www.nlr.org\\\/#organization\",\"name\":\"Nederlands Lucht- en Ruimtevaartcentrum\",\"url\":\"https:\\\/\\\/www.nlr.org\\\/\",\"logo\":{\"@type\":\"ImageObject\",\"inLanguage\":\"nl-NL\",\"@id\":\"https:\\\/\\\/www.nlr.org\\\/#\\\/schema\\\/logo\\\/image\\\/\",\"url\":\"https:\\\/\\\/www.nlr.org\\\/wp-content\\\/uploads\\\/2023\\\/10\\\/logo-nlr.svg\",\"contentUrl\":\"https:\\\/\\\/www.nlr.org\\\/wp-content\\\/uploads\\\/2023\\\/10\\\/logo-nlr.svg\",\"caption\":\"Nederlands Lucht- en Ruimtevaartcentrum\"},\"image\":{\"@id\":\"https:\\\/\\\/www.nlr.org\\\/#\\\/schema\\\/logo\\\/image\\\/\"}}]}<\/script>\n<!-- \/ Yoast SEO plugin. -->","yoast_head_json":{"title":"Onderhoudstraining - Nederlands Lucht- en Ruimtevaartcentrum","robots":{"index":"index","follow":"follow","max-snippet":"max-snippet:-1","max-image-preview":"max-image-preview:large","max-video-preview":"max-video-preview:-1"},"canonical":"https:\/\/www.nlr.org\/nl\/maintenance-repair-overhaul\/onderhoudstraining\/","og_locale":"nl_NL","og_type":"article","og_title":"Onderhoudstraining - Nederlands Lucht- en Ruimtevaartcentrum","og_description":"Onderhoudstraining Als u op zoek bent naar effectieve onderhoudstrainingen of als u de waarde van uw trainingen wilt verhogen, dan kan NLR u helpen. NLR ontwikkelt slimme trainingscurricula en opleidingsapparatuur met de modernste opleidingsconcepten en -technologie\u00ebn. Wij cre\u00ebren trainingswaarde met behulp van de modernste ontwerpprincipes en moderne technologie\u00ebn zoals virtual en augmented reality. Wij kunnen [&hellip;]","og_url":"https:\/\/www.nlr.org\/nl\/maintenance-repair-overhaul\/onderhoudstraining\/","og_site_name":"Nederlands Lucht- en Ruimtevaartcentrum","article_modified_time":"2025-04-09T11:56:36+00:00","og_image":[{"width":2048,"height":1152,"url":"https:\/\/www.nlr.org\/wp-content\/uploads\/2025\/03\/nlr_2018_augmented-reality-for-maintenance-training.jpg","type":"image\/jpeg"}],"twitter_card":"summary_large_image","twitter_misc":{"Geschatte leestijd":"1 minuut"},"schema":{"@context":"https:\/\/schema.org","@graph":[{"@type":"WebPage","@id":"https:\/\/www.nlr.org\/nl\/maintenance-repair-overhaul\/onderhoudstraining\/","url":"https:\/\/www.nlr.org\/nl\/maintenance-repair-overhaul\/onderhoudstraining\/","name":"Onderhoudstraining - Nederlands Lucht- en Ruimtevaartcentrum","isPartOf":{"@id":"https:\/\/www.nlr.org\/#website"},"primaryImageOfPage":{"@id":"https:\/\/www.nlr.org\/nl\/maintenance-repair-overhaul\/onderhoudstraining\/#primaryimage"},"image":{"@id":"https:\/\/www.nlr.org\/nl\/maintenance-repair-overhaul\/onderhoudstraining\/#primaryimage"},"thumbnailUrl":"https:\/\/www.nlr.org\/wp-content\/uploads\/2025\/03\/nlr_2018_augmented-reality-for-maintenance-training.jpg","datePublished":"2025-02-07T10:34:49+00:00","dateModified":"2025-04-09T11:56:36+00:00","breadcrumb":{"@id":"https:\/\/www.nlr.org\/nl\/maintenance-repair-overhaul\/onderhoudstraining\/#breadcrumb"},"inLanguage":"nl-NL","potentialAction":[{"@type":"ReadAction","target":["https:\/\/www.nlr.org\/nl\/maintenance-repair-overhaul\/onderhoudstraining\/"]}]},{"@type":"ImageObject","inLanguage":"nl-NL","@id":"https:\/\/www.nlr.org\/nl\/maintenance-repair-overhaul\/onderhoudstraining\/#primaryimage","url":"https:\/\/www.nlr.org\/wp-content\/uploads\/2025\/03\/nlr_2018_augmented-reality-for-maintenance-training.jpg","contentUrl":"https:\/\/www.nlr.org\/wp-content\/uploads\/2025\/03\/nlr_2018_augmented-reality-for-maintenance-training.jpg","width":2048,"height":1152,"caption":"Enhanced maintenance training with augmented reality"},{"@type":"BreadcrumbList","@id":"https:\/\/www.nlr.org\/nl\/maintenance-repair-overhaul\/onderhoudstraining\/#breadcrumb","itemListElement":[{"@type":"ListItem","position":1,"name":"Home","item":"https:\/\/www.nlr.org\/nl\/"},{"@type":"ListItem","position":2,"name":"Maintenance, Repair &amp; Overhaul","item":"https:\/\/www.nlr.org\/nl\/maintenance-repair-overhaul\/"},{"@type":"ListItem","position":3,"name":"Onderhoudstraining"}]},{"@type":"WebSite","@id":"https:\/\/www.nlr.org\/#website","url":"https:\/\/www.nlr.org\/","name":"Nederlands Lucht- en Ruimtevaartcentrum","description":"","publisher":{"@id":"https:\/\/www.nlr.org\/#organization"},"potentialAction":[{"@type":"SearchAction","target":{"@type":"EntryPoint","urlTemplate":"https:\/\/www.nlr.org\/?s={search_term_string}"},"query-input":{"@type":"PropertyValueSpecification","valueRequired":true,"valueName":"search_term_string"}}],"inLanguage":"nl-NL"},{"@type":"Organization","@id":"https:\/\/www.nlr.org\/#organization","name":"Nederlands Lucht- en Ruimtevaartcentrum","url":"https:\/\/www.nlr.org\/","logo":{"@type":"ImageObject","inLanguage":"nl-NL","@id":"https:\/\/www.nlr.org\/#\/schema\/logo\/image\/","url":"https:\/\/www.nlr.org\/wp-content\/uploads\/2023\/10\/logo-nlr.svg","contentUrl":"https:\/\/www.nlr.org\/wp-content\/uploads\/2023\/10\/logo-nlr.svg","caption":"Nederlands Lucht- en Ruimtevaartcentrum"},"image":{"@id":"https:\/\/www.nlr.org\/#\/schema\/logo\/image\/"}}]}},"_links":{"self":[{"href":"https:\/\/www.nlr.org\/nl\/wp-json\/wp\/v2\/pages\/7607","targetHints":{"allow":["GET"]}}],"collection":[{"href":"https:\/\/www.nlr.org\/nl\/wp-json\/wp\/v2\/pages"}],"about":[{"href":"https:\/\/www.nlr.org\/nl\/wp-json\/wp\/v2\/types\/page"}],"author":[{"embeddable":true,"href":"https:\/\/www.nlr.org\/nl\/wp-json\/wp\/v2\/users\/6"}],"replies":[{"embeddable":true,"href":"https:\/\/www.nlr.org\/nl\/wp-json\/wp\/v2\/comments?post=7607"}],"version-history":[{"count":11,"href":"https:\/\/www.nlr.org\/nl\/wp-json\/wp\/v2\/pages\/7607\/revisions"}],"predecessor-version":[{"id":14113,"href":"https:\/\/www.nlr.org\/nl\/wp-json\/wp\/v2\/pages\/7607\/revisions\/14113"}],"up":[{"embeddable":true,"href":"https:\/\/www.nlr.org\/nl\/wp-json\/wp\/v2\/pages\/7563"}],"wp:featuredmedia":[{"embeddable":true,"href":"https:\/\/www.nlr.org\/nl\/wp-json\/wp\/v2\/media\/12128"}],"wp:attachment":[{"href":"https:\/\/www.nlr.org\/nl\/wp-json\/wp\/v2\/media?parent=7607"}],"curies":[{"name":"wp","href":"https:\/\/api.w.org\/{rel}","templated":true}]}}